{"id":229,"date":"2022-02-23T03:21:58","date_gmt":"2022-02-23T03:21:58","guid":{"rendered":"https:\/\/flyfishingsoca.com\/cookie-policy\/"},"modified":"2022-11-19T17:57:10","modified_gmt":"2022-11-19T17:57:10","slug":"cookie-policy","status":"publish","type":"page","link":"https:\/\/flyfishingsoca.com\/sv\/cookie-policy\/","title":{"rendered":"Cookie-policy"},"content":{"rendered":"<p>Denna cookiepolicy f\u00f6rklarar vad cookies \u00e4r och hur vi anv\u00e4nder dem. Du b\u00f6r l\u00e4sa denna policy f\u00f6r att f\u00f6rst\u00e5 vad cookies \u00e4r, hur vi anv\u00e4nder dem, vilka typer av cookies vi anv\u00e4nder, dvs. vilken information vi samlar in med hj\u00e4lp av cookies och hur den informationen anv\u00e4nds samt hur du kontrollerar dina cookieinst\u00e4llningar. F\u00f6r ytterligare information om hur vi anv\u00e4nder, lagrar och skyddar dina personuppgifter, se v\u00e5r sekretesspolicy.<br><br>Du kan n\u00e4r som helst \u00e4ndra eller \u00e5terkalla ditt samtycke fr\u00e5n cookief\u00f6rklaringen p\u00e5 v\u00e5r webbplats.<br><br>L\u00e4s mer om vilka vi \u00e4r, hur du kan kontakta oss och hur vi behandlar personuppgifter i v\u00e5r sekretesspolicy.<br><br>&nbsp;Ditt samtycke g\u00e4ller endast denna dom\u00e4n.<\/p>\n\n\n\n<h4 class=\"wp-block-heading\">VAD \u00c4R KAKOR?<\/h4>\n\n\n\n<p>Cookies \u00e4r sm\u00e5 textfiler som anv\u00e4nds f\u00f6r att lagra sm\u00e5 bitar av information. Cookies lagras p\u00e5 din enhet n\u00e4r webbplatsen laddas i din webbl\u00e4sare. Dessa cookies hj\u00e4lper oss att f\u00e5 webbplatsen att fungera korrekt, g\u00f6ra webbplatsen s\u00e4krare, ge b\u00e4ttre anv\u00e4ndarupplevelse och f\u00f6rst\u00e5 hur webbplatsen fungerar och analysera vad som fungerar och var den beh\u00f6ver f\u00f6rb\u00e4ttras.<\/p>\n\n\n\n<h4 class=\"wp-block-heading\">HUR ANV\u00c4NDER VI COOKIES?<\/h4>\n\n\n\n<p>Liksom de flesta onlinetj\u00e4nster anv\u00e4nder v\u00e5r webbplats cookies fr\u00e5n f\u00f6rsta part och tredje part f\u00f6r ett antal olika \u00e4ndam\u00e5l. F\u00f6rstapartscookies \u00e4r oftast n\u00f6dv\u00e4ndiga f\u00f6r att webbplatsen ska fungera p\u00e5 r\u00e4tt s\u00e4tt, och de samlar inte in n\u00e5gra av dina personligt identifierbara uppgifter.<br><br>De tredjepartscookies som anv\u00e4nds p\u00e5 v\u00e5ra webbplatser anv\u00e4nds huvudsakligen f\u00f6r att f\u00f6rst\u00e5 hur webbplatsen fungerar, hur du interagerar med v\u00e5r webbplats, f\u00f6r att h\u00e5lla v\u00e5ra tj\u00e4nster s\u00e4kra, f\u00f6r att tillhandah\u00e5lla annonser som \u00e4r relevanta f\u00f6r dig och f\u00f6r att ge dig en b\u00e4ttre och f\u00f6rb\u00e4ttrad anv\u00e4ndarupplevelse och f\u00f6r att p\u00e5skynda dina framtida interaktioner med v\u00e5r webbplats.<\/p>\n\n\n\n<h4 class=\"wp-block-heading\">HUR KAN JAG KONTROLLERA INST\u00c4LLNINGARNA F\u00d6R COOKIES?<\/h4>\n\n\n\n<p>Du kan hantera dina inst\u00e4llningar f\u00f6r cookies genom att klicka p\u00e5 knappen \"Inst\u00e4llningar\" och aktivera eller inaktivera cookiekategorierna i popup-f\u00f6nstret enligt dina \u00f6nskem\u00e5l.<br><br>Om du best\u00e4mmer dig f\u00f6r att \u00e4ndra dina inst\u00e4llningar senare under din webbl\u00e4sarsession kan du klicka p\u00e5 fliken \"Integritets- och cookiepolicy\" p\u00e5 din sk\u00e4rm. D\u00e5 visas meddelandet om samtycke igen och du kan \u00e4ndra dina inst\u00e4llningar eller \u00e5terkalla ditt samtycke helt och h\u00e5llet.<br><br>Dessutom erbjuder olika webbl\u00e4sare olika metoder f\u00f6r att blockera och radera cookies som anv\u00e4nds av webbplatser. Du kan \u00e4ndra inst\u00e4llningarna i din webbl\u00e4sare f\u00f6r att blockera\/ta bort cookies.<\/p>","protected":false},"excerpt":{"rendered":"<p>Denna cookiepolicy f\u00f6rklarar vad cookies \u00e4r och hur vi anv\u00e4nder dem. Du b\u00f6r l\u00e4sa denna policy f\u00f6r att f\u00f6rst\u00e5 vad cookies \u00e4r, hur vi anv\u00e4nder dem, vilka typer av cookies vi anv\u00e4nder, dvs. vilken information vi samlar in med hj\u00e4lp av cookies och hur den informationen anv\u00e4nds samt hur du kontrollerar cookiepreferenserna. F\u00f6r ytterligare information ... <a href=\"https:\/\/flyfishingsoca.com\/sv\/cookie-policy\/\">Forts\u00e4ttning<\/a><\/p>","protected":false},"author":43,"featured_media":0,"parent":0,"menu_order":0,"comment_status":"open","ping_status":"open","template":"","meta":{"_acf_changed":false,"footnotes":""},"class_list":["post-229","page","type-page","status-publish","hentry"],"acf":{"page_subheading":"Understand what cookies are and how do we use them to make your experience on this website more pleasant."},"_links":{"self":[{"href":"https:\/\/flyfishingsoca.com\/sv\/wp-json\/wp\/v2\/pages\/229","targetHints":{"allow":["GET"]}}],"collection":[{"href":"https:\/\/flyfishingsoca.com\/sv\/wp-json\/wp\/v2\/pages"}],"about":[{"href":"https:\/\/flyfishingsoca.com\/sv\/wp-json\/wp\/v2\/types\/page"}],"author":[{"embeddable":true,"href":"https:\/\/flyfishingsoca.com\/sv\/wp-json\/wp\/v2\/users\/43"}],"replies":[{"embeddable":true,"href":"https:\/\/flyfishingsoca.com\/sv\/wp-json\/wp\/v2\/comments?post=229"}],"version-history":[{"count":2,"href":"https:\/\/flyfishingsoca.com\/sv\/wp-json\/wp\/v2\/pages\/229\/revisions"}],"predecessor-version":[{"id":441,"href":"https:\/\/flyfishingsoca.com\/sv\/wp-json\/wp\/v2\/pages\/229\/revisions\/441"}],"wp:attachment":[{"href":"https:\/\/flyfishingsoca.com\/sv\/wp-json\/wp\/v2\/media?parent=229"}],"curies":[{"name":"wp","href":"https:\/\/api.w.org\/{rel}","templated":true}]}}